{"id":24,"date":"2016-07-18T00:39:07","date_gmt":"2016-07-18T00:39:07","guid":{"rendered":"http:\/\/sw-themes.com\/porto_dummy\/?page_id=24"},"modified":"2024-03-21T12:39:02","modified_gmt":"2024-03-21T12:39:02","slug":"company","status":"publish","type":"page","link":"https:\/\/ciomat.dz\/fr2\/index.php\/company\/","title":{"rendered":"ENTREPRISE"},"content":{"rendered":"<section class=\"wpb-content-wrapper\"><p>[vc_row el_id=\u00a0\u00bbwho-we-are\u00a0\u00bb el_class=\u00a0\u00bbm-t-n-md p-t-md\u00a0\u00bb][vc_column][vc_custom_heading text=\u00a0\u00bbQui sommes-nous ?\u00a0\u00bb font_container=\u00a0\u00bbtag:h2|font_size:2em|text_align:left|line_height:1&Prime; use_theme_fonts=\u00a0\u00bbyes\u00a0\u00bb el_class=\u00a0\u00bbmb-4&Prime;][vc_single_image image=\u00a0\u00bb640&Prime; img_size=\u00a0\u00bbfull\u00a0\u00bb el_class=\u00a0\u00bbmb-4&Prime;]<div class=\"porto-u-heading  wpb_custom_1d79582c9d9e64264aa4dbda0df047c8\" data-hspacer=\"no_spacer\" data-halign=\"left\" style=\"text-align:left\"><div class=\"porto-u-sub-heading\" style=\"\">N\u00e9e il y a plus de 25 ans de la perseverance, de l&rsquo;abn\u00e9gation d&rsquo;un homme courageux et vertueux qui a \u00e9t\u00e9 notre d\u00e9funt p\u00e8re HADJ MOULOUD AIT BENAMARA et qui \u00e0 un autre quart de si\u00e8cle auparavant \u00e9tait n\u00e9gociant en mat\u00e9riaux de construction.<\/div><\/div>[vc_custom_heading text=\u00a0\u00bbLa SARL CIOMAT est le prolongement naturel de cette activit\u00e9 que nous nous effor\u00e7ons avec conviction de perpetuer et de nous d\u00e9velopper avec un souci majeur.\u00a0\u00bb font_container=\u00a0\u00bbtag:p|font_size:1.1em|text_align:left\u00a0\u00bb use_theme_fonts=\u00a0\u00bbyes\u00a0\u00bb font_weight=\u00a0\u00bb300&Prime;][vc_row_inner el_class=\u00a0\u00bbpt-3 mb-2 justify-content-center\u00a0\u00bb][vc_column_inner el_class=\u00a0\u00bbcol-md-auto\u00a0\u00bb width=\u00a0\u00bb1\/3&Prime;]<div class=\"stats-block stats-top   wpb_custom_83f2589b9059839bc04396c1b2a1478f\"><div class=\"stats-desc\"><div id=\"counter_137039402669e3b3ebb4abe\" data-id=\"counter_137039402669e3b3ebb4abe\" class=\"stats-number\" style=\" color:#004791;\" data-speed=\"3\" data-counter-value=\"25\" data-separator=\",\" data-decimal=\".\">0<\/div><div class=\"counter_suffix mycust\" style=\" color:#004791\">+<\/div><div class=\"stats-text\" style=\"color:#004791;\">Ann\u00e9es d'exp\u00e9rience<\/div><\/div><\/div>[\/vc_column_inner][vc_column_inner el_class=\u00a0\u00bbcol-md-auto px-xl-5 mx-md-5&Prime; width=\u00a0\u00bb1\/3&Prime;]<div class=\"stats-block stats-top   wpb_custom_83f2589b9059839bc04396c1b2a1478f\"><div class=\"stats-desc\"><div id=\"counter_121422850469e3b3ebb4c7e\" data-id=\"counter_121422850469e3b3ebb4c7e\" class=\"stats-number\" style=\" color:#004791;\" data-speed=\"3\" data-counter-value=\"240\" data-separator=\",\" data-decimal=\".\">0<\/div><div class=\"counter_suffix mycust\" style=\" color:#004791\">+<\/div><div class=\"stats-text\" style=\"color:#004791;\">Clients satisfaits<\/div><\/div><\/div>[\/vc_column_inner][vc_column_inner el_class=\u00a0\u00bbcol-md-auto\u00a0\u00bb width=\u00a0\u00bb1\/3&Prime;]<div class=\"stats-block stats-top   wpb_custom_83f2589b9059839bc04396c1b2a1478f\"><div class=\"stats-desc\"><div id=\"counter_73233468369e3b3ebb4dc5\" data-id=\"counter_73233468369e3b3ebb4dc5\" class=\"stats-number\" style=\" color:#004791;\" data-speed=\"3\" data-counter-value=\"2000\" data-separator=\"none\" data-decimal=\".\">0<\/div><div class=\"counter_suffix mycust\" style=\" color:#004791\">+<\/div><div class=\"stats-text\" style=\"color:#004791;\">Cas r\u00e9ussis<\/div><\/div><\/div>[\/vc_column_inner][\/vc_row_inner][\/vc_column][\/vc_row][vc_row el_id=\u00a0\u00bbhistory\u00a0\u00bb][vc_column][vc_custom_heading text=\u00a0\u00bbActualit\u00e9\u00a0\u00bb font_container=\u00a0\u00bbtag:h2|font_size:2em|text_align:left|line_height:1&Prime; use_theme_fonts=\u00a0\u00bbyes\u00a0\u00bb el_class=\u00a0\u00bbm-t-xl mb-4&Prime;]<div class=\"porto-carousel owl-carousel has-ccols ccols-1 bg-color-grey-scale-1 py-5 nav-sm stage-margin wpb_custom_c86c2fb53cae9eced42d4b8900a042f3 nav-pos-inside nav-style-3\" data-plugin-options=\"{&quot;stagePadding&quot;:48,&quot;margin&quot;:0,&quot;autoplay&quot;:false,&quot;mouseDrag&quot;:true,&quot;touchDrag&quot;:true,&quot;autoplayTimeout&quot;:5000,&quot;autoplayHoverPause&quot;:false,&quot;items&quot;:1,&quot;lg&quot;:1,&quot;md&quot;:1,&quot;sm&quot;:1,&quot;xs&quot;:1,&quot;nav&quot;:&quot;yes&quot;,&quot;dots&quot;:false,&quot;animateIn&quot;:&quot;&quot;,&quot;animateOut&quot;:&quot;&quot;,&quot;loop&quot;:false,&quot;center&quot;:false,&quot;video&quot;:false,&quot;lazyLoad&quot;:false,&quot;fullscreen&quot;:false}\"><div class=\"porto-sicon-box px-sm-5 mb-0  wpb_custom_a036b4b8677b2c11a22d43c5a8a52583 style_1 top-icon\"><div class=\"porto-sicon-header\" style=\"margin-bottom:1.5rem;\"><h3 class=\"porto-sicon-title\" style=\"color:#004791;\">2017<\/h3><p style=\"color:#222529;\">CIOMAT \u00e0 la foire BATIMATEC<\/p><\/div> <!-- header --><div class=\"porto-sicon-description\" style=\"color:#222529;\">La CIOMAT informe sa fid\u00e8le client\u00e8le de son habituelle participation \u00e0 la foire BATIMATEC qui aura lieu du 23 au 27 avril 2017. La CIOMAT exposera ses diff\u00e9rents produits au niveau du pavillon central Zone B.<\/div> <!-- description --><\/div><!-- porto-sicon-box --><div class=\"porto-sicon-box px-sm-5 mb-0  wpb_custom_a036b4b8677b2c11a22d43c5a8a52583 style_1 top-icon\"><div class=\"porto-sicon-header\" style=\"margin-bottom:1.5rem;\"><h3 class=\"porto-sicon-title\" style=\"color:#004791;\">2018<\/h3><p style=\"color:#222529;\">CIOMAT \u00e0 la foire BATIMATEC<\/p><\/div> <!-- header --><div class=\"porto-sicon-description\" style=\"color:#222529;\">La CIOMAT informe sa fid\u00e8le client\u00e8le de son habituelle participation \u00e0 la foire BATIMATEC qui aura lieu du 22 au 26 Avril 2018 \u00e0 la safex palais des expositions Pin Maritimes ALGER. La CIOMAT exposera ses diff\u00e9rents produits au niveau de la zone B<\/div> <!-- description --><\/div><!-- porto-sicon-box --><div class=\"porto-sicon-box px-sm-5 mb-0  wpb_custom_a036b4b8677b2c11a22d43c5a8a52583 style_1 top-icon\"><div class=\"porto-sicon-header\" style=\"margin-bottom:1.5rem;\"><h3 class=\"porto-sicon-title\" style=\"color:#004791;\">2019<\/h3><p style=\"color:#222529;\">CIOMAT \u00e0 la BATIMATEC<\/p><\/div> <!-- header --><div class=\"porto-sicon-description\" style=\"color:#222529;\">CIOMAT GROUPE vous annonce sa pr\u00e9sence \u00e0 la foire BATIMATEC qui aura lieu du 24 au 28 courant \u00e0 la SAFEX d\u2019Alger Pins maritimes, o\u00f9 nous serons pr\u00e9sents au pavillon central zone B. Pour l\u2019occasion, CIOMAT vous pr\u00e9sentera son nouveau produit en 60X60cm fabriqu\u00e9 pour la premi\u00e8re fois en Alg\u00e9rie.<\/div> <!-- description --><\/div><!-- porto-sicon-box --><\/div>[\/vc_column][\/vc_row][vc_row el_id=\u00a0\u00bbmission-vision\u00a0\u00bb][vc_column][vc_custom_heading text=\u00a0\u00bbProduction\u00a0\u00bb font_container=\u00a0\u00bbtag:h2|font_size:2em|text_align:left|line_height:1&Prime; use_theme_fonts=\u00a0\u00bbyes\u00a0\u00bb el_class=\u00a0\u00bbm-t-xl mb-4&Prime;][vc_tabs position=\u00a0\u00bbtop-left\u00a0\u00bb type=\u00a0\u00bbtabs-simple\u00a0\u00bb][vc_tab title=\u00a0\u00bbProduction carrealges\u00a0\u00bb tab_id=\u00a0\u00bb44a401a0-6aeb-0&Prime;]<div class=\"porto-u-heading  wpb_custom_497a1ef59c281198d2b8242f83cd467d\" data-hspacer=\"no_spacer\" data-halign=\"left\" style=\"text-align:left\"><div class=\"porto-u-sub-heading\" style=\"\">L&rsquo;usine CIOMAT dispose de capacit\u00e9s de production et de transport qui lui permettent de satisfaire n&rsquo;importe quelle commande, sans aucune restriction quantitative, qualitative ou g\u00e9ographique.<br \/>\nLa SARL CIOMAT fabrique une gamme riche et vari\u00e9e en :<br \/>\n1. Carreaux de sols de toutes les dimensions possibles et avec tous les d&rsquo;\u00e9paisseurs (Monocouche ou Bicouche) et d&rsquo;aspect (Une cinquantaine de nuances).<br \/>\n2. Carreaux sp\u00e9ciaux antid\u00e9rapants destin\u00e9s, aussi bien \u00e0 l&rsquo;ext\u00e9rieur qu&rsquo;\u00e0 l&rsquo;ext\u00e9rieur (SDB par exemple). Plinthes assorties aux carrelages.<\/div><\/div>[\/vc_tab][vc_tab title=\u00a0\u00bbCertifications\u00a0\u00bb tab_id=\u00a0\u00bbe0ae42cf-7ae1-10&Prime;]<div class=\"porto-u-heading  wpb_custom_497a1ef59c281198d2b8242f83cd467d\" data-hspacer=\"no_spacer\" data-halign=\"left\" style=\"text-align:left\"><div class=\"porto-u-sub-heading\" style=\"\">La qualit\u00e9 de nos produits est de notori\u00e9t\u00e9 publique comme l&rsquo;atteste les certificats d\u00e9livr\u00e9s par les plus grands laboratoires d&rsquo;analyses quant aux crit\u00e8res de r\u00e9sistance, d&rsquo;abrasivit\u00e9, d&rsquo;absorption, etc.<br \/>\n. Porosit\u00e9 nulle.<br \/>\n. L&rsquo;absorption d&rsquo;eau est d&rsquo;environ 10 fois meilleure que l&rsquo;exigence de la norme.<br \/>\n. Haute r\u00e9sistance \u00e0 la flexion et \u00e0 la compression.<\/div><\/div>[\/vc_tab][vc_tab title=\u00a0\u00bbConditionnement des carreaux\u00a0\u00bb tab_id=\u00a0\u00bb1620646982146-2-8&Prime;]<div class=\"porto-u-heading  wpb_custom_497a1ef59c281198d2b8242f83cd467d\" data-hspacer=\"no_spacer\" data-halign=\"left\" style=\"text-align:left\"><div class=\"porto-u-sub-heading\" style=\"\">Dans le souci de pr\u00e9server l&rsquo;int\u00e9grit\u00e9 des carreaux produits, ces derniers sont conditionn\u00e9s en position verticale, cercl\u00e9s en fils et s\u00e9par\u00e9s par des feuilles de polystyr\u00e8ne. Ceci dont le but d&rsquo;\u00e9viter tout choc lors des op\u00e9rations de manutention, de d\u00e9chargement et de transport.<\/div><\/div>[\/vc_tab][\/vc_tabs][\/vc_column][\/vc_row]<\/p>\n<\/section>","protected":false},"excerpt":{"rendered":"<p>[vc_row el_id=\u00a0\u00bbwho-we-are\u00a0\u00bb el_class=\u00a0\u00bbm-t-n-md p-t-md\u00a0\u00bb][vc_column][vc_custom_heading text=\u00a0\u00bbQui sommes-nous ?\u00a0\u00bb font_container=\u00a0\u00bbtag:h2|font_size:2em|text_align:left|line_height:1&Prime; use_theme_fonts=\u00a0\u00bbyes\u00a0\u00bb el_class=\u00a0\u00bbmb-4&Prime;][vc_single_image image=\u00a0\u00bb640&Prime; img_size=\u00a0\u00bbfull\u00a0\u00bb el_class=\u00a0\u00bbmb-4&Prime;][vc_custom_heading text=\u00a0\u00bbLa SARL CIOMAT est le prolongement naturel de cette activit\u00e9 que nous nous effor\u00e7ons avec conviction de perpetuer et de nous d\u00e9velopper avec un souci majeur.\u00a0\u00bb font_container=\u00a0\u00bbtag:p|font_size:1.1em|text_align:left\u00a0\u00bb use_theme_fonts=\u00a0\u00bbyes\u00a0\u00bb font_weight=\u00a0\u00bb300&Prime;][vc_row_inner el_class=\u00a0\u00bbpt-3 mb-2 justify-content-center\u00a0\u00bb][vc_column_inner el_class=\u00a0\u00bbcol-md-auto\u00a0\u00bb width=\u00a0\u00bb1\/3&Prime;][\/vc_column_inner][vc_column_inner el_class=\u00a0\u00bbcol-md-auto px-xl-5 mx-md-5&Prime; width=\u00a0\u00bb1\/3&Prime;][\/vc_column_inner][vc_column_inner el_class=\u00a0\u00bbcol-md-auto\u00a0\u00bb width=\u00a0\u00bb1\/3&Prime;][\/vc_column_inner][\/vc_row_inner][\/vc_column][\/vc_row][vc_row el_id=\u00a0\u00bbhistory\u00a0\u00bb][vc_column][vc_custom_heading text=\u00a0\u00bbActualit\u00e9\u00a0\u00bb [&hellip;]<\/p>\n","protected":false},"author":1,"featured_media":0,"parent":0,"menu_order":0,"comment_status":"closed","ping_status":"closed","template":"","meta":{"footnotes":""},"class_list":["post-24","page","type-page","status-publish","hentry"],"yoast_head":"<!-- This site is optimized with the Yoast SEO plugin v26.3 - https:\/\/yoast.com\/wordpress\/plugins\/seo\/ -->\n<title>ENTREPRISE - GROUPE CIOMAT<\/title>\n<meta name=\"robots\" content=\"index, follow, max-snippet:-1, max-image-preview:large, max-video-preview:-1\" \/>\n<link rel=\"canonical\" href=\"https:\/\/ciomat.dz\/fr2\/index.php\/company\/\" \/>\n<meta property=\"og:locale\" content=\"fr_FR\" \/>\n<meta property=\"og:type\" content=\"article\" \/>\n<meta property=\"og:title\" content=\"ENTREPRISE - GROUPE CIOMAT\" \/>\n<meta property=\"og:description\" content=\"[vc_row el_id=\u00a0\u00bbwho-we-are\u00a0\u00bb el_class=\u00a0\u00bbm-t-n-md p-t-md\u00a0\u00bb][vc_column][vc_custom_heading text=\u00a0\u00bbQui sommes-nous ?\u00a0\u00bb font_container=\u00a0\u00bbtag:h2|font_size:2em|text_align:left|line_height:1&Prime; use_theme_fonts=\u00a0\u00bbyes\u00a0\u00bb el_class=\u00a0\u00bbmb-4&Prime;][vc_single_image image=\u00a0\u00bb640&Prime; img_size=\u00a0\u00bbfull\u00a0\u00bb el_class=\u00a0\u00bbmb-4&Prime;][vc_custom_heading text=\u00a0\u00bbLa SARL CIOMAT est le prolongement naturel de cette activit\u00e9 que nous nous effor\u00e7ons avec conviction de perpetuer et de nous d\u00e9velopper avec un souci majeur.\u00a0\u00bb font_container=\u00a0\u00bbtag:p|font_size:1.1em|text_align:left\u00a0\u00bb use_theme_fonts=\u00a0\u00bbyes\u00a0\u00bb font_weight=\u00a0\u00bb300&Prime;][vc_row_inner el_class=\u00a0\u00bbpt-3 mb-2 justify-content-center\u00a0\u00bb][vc_column_inner el_class=\u00a0\u00bbcol-md-auto\u00a0\u00bb width=\u00a0\u00bb1\/3&Prime;][\/vc_column_inner][vc_column_inner el_class=\u00a0\u00bbcol-md-auto px-xl-5 mx-md-5&Prime; width=\u00a0\u00bb1\/3&Prime;][\/vc_column_inner][vc_column_inner el_class=\u00a0\u00bbcol-md-auto\u00a0\u00bb width=\u00a0\u00bb1\/3&Prime;][\/vc_column_inner][\/vc_row_inner][\/vc_column][\/vc_row][vc_row el_id=\u00a0\u00bbhistory\u00a0\u00bb][vc_column][vc_custom_heading text=\u00a0\u00bbActualit\u00e9\u00a0\u00bb [&hellip;]\" \/>\n<meta property=\"og:url\" content=\"https:\/\/ciomat.dz\/fr2\/index.php\/company\/\" \/>\n<meta property=\"og:site_name\" content=\"GROUPE CIOMAT\" \/>\n<meta property=\"article:modified_time\" content=\"2024-03-21T12:39:02+00:00\" \/>\n<meta name=\"twitter:card\" content=\"summary_large_image\" \/>\n<meta name=\"twitter:label1\" content=\"Dur\u00e9e de lecture estim\u00e9e\" \/>\n\t<meta name=\"twitter:data1\" content=\"3 minutes\" \/>\n<script type=\"application\/ld+json\" class=\"yoast-schema-graph\">{\"@context\":\"https:\/\/schema.org\",\"@graph\":[{\"@type\":\"WebPage\",\"@id\":\"https:\/\/ciomat.dz\/fr2\/index.php\/company\/\",\"url\":\"https:\/\/ciomat.dz\/fr2\/index.php\/company\/\",\"name\":\"ENTREPRISE - GROUPE CIOMAT\",\"isPartOf\":{\"@id\":\"https:\/\/ciomat.dz\/fr2\/#website\"},\"datePublished\":\"2016-07-18T00:39:07+00:00\",\"dateModified\":\"2024-03-21T12:39:02+00:00\",\"breadcrumb\":{\"@id\":\"https:\/\/ciomat.dz\/fr2\/index.php\/company\/#breadcrumb\"},\"inLanguage\":\"fr-FR\",\"potentialAction\":[{\"@type\":\"ReadAction\",\"target\":[\"https:\/\/ciomat.dz\/fr2\/index.php\/company\/\"]}]},{\"@type\":\"BreadcrumbList\",\"@id\":\"https:\/\/ciomat.dz\/fr2\/index.php\/company\/#breadcrumb\",\"itemListElement\":[{\"@type\":\"ListItem\",\"position\":1,\"name\":\"Accueil\",\"item\":\"https:\/\/ciomat.dz\/fr2\/\"},{\"@type\":\"ListItem\",\"position\":2,\"name\":\"ENTREPRISE\"}]},{\"@type\":\"WebSite\",\"@id\":\"https:\/\/ciomat.dz\/fr2\/#website\",\"url\":\"https:\/\/ciomat.dz\/fr2\/\",\"name\":\"GROUPE CIOMAT\",\"description\":\"Production Industrielle de Carrelages\",\"potentialAction\":[{\"@type\":\"SearchAction\",\"target\":{\"@type\":\"EntryPoint\",\"urlTemplate\":\"https:\/\/ciomat.dz\/fr2\/?s={search_term_string}\"},\"query-input\":{\"@type\":\"PropertyValueSpecification\",\"valueRequired\":true,\"valueName\":\"search_term_string\"}}],\"inLanguage\":\"fr-FR\"}]}<\/script>\n<!-- \/ Yoast SEO plugin. -->","yoast_head_json":{"title":"ENTREPRISE - GROUPE CIOMAT","robots":{"index":"index","follow":"follow","max-snippet":"max-snippet:-1","max-image-preview":"max-image-preview:large","max-video-preview":"max-video-preview:-1"},"canonical":"https:\/\/ciomat.dz\/fr2\/index.php\/company\/","og_locale":"fr_FR","og_type":"article","og_title":"ENTREPRISE - GROUPE CIOMAT","og_description":"[vc_row el_id=\u00a0\u00bbwho-we-are\u00a0\u00bb el_class=\u00a0\u00bbm-t-n-md p-t-md\u00a0\u00bb][vc_column][vc_custom_heading text=\u00a0\u00bbQui sommes-nous ?\u00a0\u00bb font_container=\u00a0\u00bbtag:h2|font_size:2em|text_align:left|line_height:1&Prime; use_theme_fonts=\u00a0\u00bbyes\u00a0\u00bb el_class=\u00a0\u00bbmb-4&Prime;][vc_single_image image=\u00a0\u00bb640&Prime; img_size=\u00a0\u00bbfull\u00a0\u00bb el_class=\u00a0\u00bbmb-4&Prime;][vc_custom_heading text=\u00a0\u00bbLa SARL CIOMAT est le prolongement naturel de cette activit\u00e9 que nous nous effor\u00e7ons avec conviction de perpetuer et de nous d\u00e9velopper avec un souci majeur.\u00a0\u00bb font_container=\u00a0\u00bbtag:p|font_size:1.1em|text_align:left\u00a0\u00bb use_theme_fonts=\u00a0\u00bbyes\u00a0\u00bb font_weight=\u00a0\u00bb300&Prime;][vc_row_inner el_class=\u00a0\u00bbpt-3 mb-2 justify-content-center\u00a0\u00bb][vc_column_inner el_class=\u00a0\u00bbcol-md-auto\u00a0\u00bb width=\u00a0\u00bb1\/3&Prime;][\/vc_column_inner][vc_column_inner el_class=\u00a0\u00bbcol-md-auto px-xl-5 mx-md-5&Prime; width=\u00a0\u00bb1\/3&Prime;][\/vc_column_inner][vc_column_inner el_class=\u00a0\u00bbcol-md-auto\u00a0\u00bb width=\u00a0\u00bb1\/3&Prime;][\/vc_column_inner][\/vc_row_inner][\/vc_column][\/vc_row][vc_row el_id=\u00a0\u00bbhistory\u00a0\u00bb][vc_column][vc_custom_heading text=\u00a0\u00bbActualit\u00e9\u00a0\u00bb [&hellip;]","og_url":"https:\/\/ciomat.dz\/fr2\/index.php\/company\/","og_site_name":"GROUPE CIOMAT","article_modified_time":"2024-03-21T12:39:02+00:00","twitter_card":"summary_large_image","twitter_misc":{"Dur\u00e9e de lecture estim\u00e9e":"3 minutes"},"schema":{"@context":"https:\/\/schema.org","@graph":[{"@type":"WebPage","@id":"https:\/\/ciomat.dz\/fr2\/index.php\/company\/","url":"https:\/\/ciomat.dz\/fr2\/index.php\/company\/","name":"ENTREPRISE - GROUPE CIOMAT","isPartOf":{"@id":"https:\/\/ciomat.dz\/fr2\/#website"},"datePublished":"2016-07-18T00:39:07+00:00","dateModified":"2024-03-21T12:39:02+00:00","breadcrumb":{"@id":"https:\/\/ciomat.dz\/fr2\/index.php\/company\/#breadcrumb"},"inLanguage":"fr-FR","potentialAction":[{"@type":"ReadAction","target":["https:\/\/ciomat.dz\/fr2\/index.php\/company\/"]}]},{"@type":"BreadcrumbList","@id":"https:\/\/ciomat.dz\/fr2\/index.php\/company\/#breadcrumb","itemListElement":[{"@type":"ListItem","position":1,"name":"Accueil","item":"https:\/\/ciomat.dz\/fr2\/"},{"@type":"ListItem","position":2,"name":"ENTREPRISE"}]},{"@type":"WebSite","@id":"https:\/\/ciomat.dz\/fr2\/#website","url":"https:\/\/ciomat.dz\/fr2\/","name":"GROUPE CIOMAT","description":"Production Industrielle de Carrelages","potentialAction":[{"@type":"SearchAction","target":{"@type":"EntryPoint","urlTemplate":"https:\/\/ciomat.dz\/fr2\/?s={search_term_string}"},"query-input":{"@type":"PropertyValueSpecification","valueRequired":true,"valueName":"search_term_string"}}],"inLanguage":"fr-FR"}]}},"_links":{"self":[{"href":"https:\/\/ciomat.dz\/fr2\/index.php\/wp-json\/wp\/v2\/pages\/24","targetHints":{"allow":["GET"]}}],"collection":[{"href":"https:\/\/ciomat.dz\/fr2\/index.php\/wp-json\/wp\/v2\/pages"}],"about":[{"href":"https:\/\/ciomat.dz\/fr2\/index.php\/wp-json\/wp\/v2\/types\/page"}],"author":[{"embeddable":true,"href":"https:\/\/ciomat.dz\/fr2\/index.php\/wp-json\/wp\/v2\/users\/1"}],"replies":[{"embeddable":true,"href":"https:\/\/ciomat.dz\/fr2\/index.php\/wp-json\/wp\/v2\/comments?post=24"}],"version-history":[{"count":23,"href":"https:\/\/ciomat.dz\/fr2\/index.php\/wp-json\/wp\/v2\/pages\/24\/revisions"}],"predecessor-version":[{"id":849,"href":"https:\/\/ciomat.dz\/fr2\/index.php\/wp-json\/wp\/v2\/pages\/24\/revisions\/849"}],"wp:attachment":[{"href":"https:\/\/ciomat.dz\/fr2\/index.php\/wp-json\/wp\/v2\/media?parent=24"}],"curies":[{"name":"wp","href":"https:\/\/api.w.org\/{rel}","templated":true}]}}